{"id":1665,"date":"2025-10-08T16:05:10","date_gmt":"2025-10-08T19:05:10","guid":{"rendered":"https:\/\/temporizadorparachuveiro.com.br\/site\/?page_id=1665"},"modified":"2025-10-09T10:46:31","modified_gmt":"2025-10-09T13:46:31","slug":"carrinhonew","status":"publish","type":"page","link":"https:\/\/temporizadorparachuveiro.com.br\/site\/carrinhonew\/","title":{"rendered":"carrinhonew"},"content":{"rendered":"\t\t<div data-elementor-type=\"wp-page\" data-elementor-id=\"1665\" class=\"elementor elementor-1665\" data-elementor-post-type=\"page\">\n\t\t\t\t<div class=\"elementor-element elementor-element-12284a2a e-flex e-con-boxed e-con e-parent\" data-id=\"12284a2a\" data-element_type=\"container\" data-settings=\"{&quot;background_background&quot;:&quot;classic&quot;,&quot;_ha_eqh_enable&quot;:false}\">\n\t\t\t\t\t<div class=\"e-con-inner\">\n\t\t\t\t<div class=\"elementor-element elementor-element-13fa0a20 elementor-widget elementor-widget-heading\" data-id=\"13fa0a20\" data-element_type=\"widget\" data-widget_type=\"heading.default\">\n\t\t\t\t\t<h2 class=\"elementor-heading-title elementor-size-default\">Carrinho   <\/h2>\t\t\t\t<\/div>\n\t\t\t\t<div class=\"elementor-element elementor-element-5c56b82 elementor-view-default elementor-widget elementor-widget-icon\" data-id=\"5c56b82\" data-element_type=\"widget\" data-widget_type=\"icon.default\">\n\t\t\t\t\t\t\t<div class=\"elementor-icon-wrapper\">\n\t\t\t<div class=\"elementor-icon\">\n\t\t\t<svg aria-hidden=\"true\" class=\"e-font-icon-svg e-fas-cart-plus\" viewBox=\"0 0 576 512\" xmlns=\"http:\/\/www.w3.org\/2000\/svg\"><path d=\"M504.717 320H211.572l6.545 32h268.418c15.401 0 26.816 14.301 23.403 29.319l-5.517 24.276C523.112 414.668 536 433.828 536 456c0 31.202-25.519 56.444-56.824 55.994-29.823-.429-54.35-24.631-55.155-54.447-.44-16.287 6.085-31.049 16.803-41.548H231.176C241.553 426.165 248 440.326 248 456c0 31.813-26.528 57.431-58.67 55.938-28.54-1.325-51.751-24.385-53.251-52.917-1.158-22.034 10.436-41.455 28.051-51.586L93.883 64H24C10.745 64 0 53.255 0 40V24C0 10.745 10.745 0 24 0h102.529c11.401 0 21.228 8.021 23.513 19.19L159.208 64H551.99c15.401 0 26.816 14.301 23.403 29.319l-47.273 208C525.637 312.246 515.923 320 504.717 320zM408 168h-48v-40c0-8.837-7.163-16-16-16h-16c-8.837 0-16 7.163-16 16v40h-48c-8.837 0-16 7.163-16 16v16c0 8.837 7.163 16 16 16h48v40c0 8.837 7.163 16 16 16h16c8.837 0 16-7.163 16-16v-40h48c8.837 0 16-7.163 16-16v-16c0-8.837-7.163-16-16-16z\"><\/path><\/svg>\t\t\t<\/div>\n\t\t<\/div>\n\t\t\t\t\t\t<\/div>\n\t\t\t\t\t<\/div>\n\t\t\t\t<\/div>\n\t\t<div class=\"elementor-element elementor-element-f76935b e-flex e-con-boxed e-con e-parent\" data-id=\"f76935b\" data-element_type=\"container\" data-settings=\"{&quot;_ha_eqh_enable&quot;:false}\">\n\t\t\t\t\t<div class=\"e-con-inner\">\n\t\t\t\t\t<\/div>\n\t\t\t\t<\/div>\n\t\t\t\t<\/div>\n\t\t","protected":false},"excerpt":{"rendered":"<p>Carrinho Remover item Imagem de miniatura Produto Pre\u00e7o Quantidade Subtotal &times; Temporizador Corte de Energia &#8211; 110 Volts &#8211; 5600 Watts &#82;&#36;&nbsp;265,00 Temporizador Corte de Energia &#8211; 110 Volts &#8211; 5600 Watts quantidade &#82;&#36;&nbsp;265,00 Atualizar o carrinho Aplicar cupom Total no carrinho Subtotal &#82;&#36;&nbsp;265,00 Entrega Frete gr\u00e1tis Entrega para S\u00e3o Paulo. Mudar endere\u00e7o Pa\u00eds \/ [&hellip;]<\/p>\n","protected":false},"author":3,"featured_media":0,"parent":0,"menu_order":0,"comment_status":"closed","ping_status":"closed","template":"","meta":{"footnotes":""},"class_list":["post-1665","page","type-page","status-publish","hentry"],"yoast_head":"<!-- This site is optimized with the Yoast SEO Premium plugin v26.0 (Yoast SEO v26.0) - https:\/\/yoast.com\/wordpress\/plugins\/seo\/ -->\n<title>carrinhonew - Temporizador para Chuveiro<\/title>\n<meta name=\"robots\" content=\"index, follow, max-snippet:-1, max-image-preview:large, max-video-preview:-1\" \/>\n<link rel=\"canonical\" href=\"https:\/\/temporizadorparachuveiro.com.br\/site\/carrinhonew\/\" \/>\n<meta property=\"og:locale\" content=\"pt_BR\" \/>\n<meta property=\"og:type\" content=\"article\" \/>\n<meta property=\"og:title\" content=\"carrinhonew\" \/>\n<meta property=\"og:description\" content=\"Carrinho Remover item Imagem de miniatura Produto Pre\u00e7o Quantidade Subtotal &times; Temporizador Corte de Energia &#8211; 110 Volts &#8211; 5600 Watts &#082;&#036;&nbsp;265,00 Temporizador Corte de Energia &#8211; 110 Volts &#8211; 5600 Watts quantidade &#082;&#036;&nbsp;265,00 Atualizar o carrinho Aplicar cupom Total no carrinho Subtotal &#082;&#036;&nbsp;265,00 Entrega Frete gr\u00e1tis Entrega para S\u00e3o Paulo. Mudar endere\u00e7o Pa\u00eds \/ [&hellip;]\" \/>\n<meta property=\"og:url\" content=\"https:\/\/temporizadorparachuveiro.com.br\/site\/carrinhonew\/\" \/>\n<meta property=\"og:site_name\" content=\"Temporizador para Chuveiro\" \/>\n<meta property=\"article:modified_time\" content=\"2025-10-09T13:46:31+00:00\" \/>\n<meta property=\"og:image\" content=\"https:\/\/temporizadorparachuveiro.com.br\/site\/wp-content\/uploads\/2024\/12\/110Volts-300x300.jpg\" \/>\n<meta name=\"twitter:card\" content=\"summary_large_image\" \/>\n<meta name=\"twitter:label1\" content=\"Est. tempo de leitura\" \/>\n\t<meta name=\"twitter:data1\" content=\"1 minuto\" \/>\n<script type=\"application\/ld+json\" class=\"yoast-schema-graph\">{\"@context\":\"https:\/\/schema.org\",\"@graph\":[{\"@type\":\"WebPage\",\"@id\":\"https:\/\/temporizadorparachuveiro.com.br\/site\/carrinhonew\/\",\"url\":\"https:\/\/temporizadorparachuveiro.com.br\/site\/carrinhonew\/\",\"name\":\"carrinhonew - Temporizador para Chuveiro\",\"isPartOf\":{\"@id\":\"https:\/\/temporizadorparachuveiro.com.br\/site\/#website\"},\"primaryImageOfPage\":{\"@id\":\"https:\/\/temporizadorparachuveiro.com.br\/site\/carrinhonew\/#primaryimage\"},\"image\":{\"@id\":\"https:\/\/temporizadorparachuveiro.com.br\/site\/carrinhonew\/#primaryimage\"},\"thumbnailUrl\":\"https:\/\/temporizadorparachuveiro.com.br\/site\/wp-content\/uploads\/2024\/12\/110Volts-300x300.jpg\",\"datePublished\":\"2025-10-08T19:05:10+00:00\",\"dateModified\":\"2025-10-09T13:46:31+00:00\",\"breadcrumb\":{\"@id\":\"https:\/\/temporizadorparachuveiro.com.br\/site\/carrinhonew\/#breadcrumb\"},\"inLanguage\":\"pt-BR\",\"potentialAction\":[{\"@type\":\"ReadAction\",\"target\":[\"https:\/\/temporizadorparachuveiro.com.br\/site\/carrinhonew\/\"]}]},{\"@type\":\"ImageObject\",\"inLanguage\":\"pt-BR\",\"@id\":\"https:\/\/temporizadorparachuveiro.com.br\/site\/carrinhonew\/#primaryimage\",\"url\":\"\",\"contentUrl\":\"\"},{\"@type\":\"BreadcrumbList\",\"@id\":\"https:\/\/temporizadorparachuveiro.com.br\/site\/carrinhonew\/#breadcrumb\",\"itemListElement\":[{\"@type\":\"ListItem\",\"position\":1,\"name\":\"Home\",\"item\":\"https:\/\/temporizadorparachuveiro.com.br\/site\/\"},{\"@type\":\"ListItem\",\"position\":2,\"name\":\"carrinhonew\"}]},{\"@type\":\"WebSite\",\"@id\":\"https:\/\/temporizadorparachuveiro.com.br\/site\/#website\",\"url\":\"https:\/\/temporizadorparachuveiro.com.br\/site\/\",\"name\":\"Temporizador para Chuveiro\",\"description\":\"Temporizador para chuveiro corte de energia. Temporizador para chuveiro corte de \u00e1gua.\",\"publisher\":{\"@id\":\"https:\/\/temporizadorparachuveiro.com.br\/site\/#organization\"},\"alternateName\":\"Timer para chuveiro\",\"potentialAction\":[{\"@type\":\"SearchAction\",\"target\":{\"@type\":\"EntryPoint\",\"urlTemplate\":\"https:\/\/temporizadorparachuveiro.com.br\/site\/?s={search_term_string}\"},\"query-input\":{\"@type\":\"PropertyValueSpecification\",\"valueRequired\":true,\"valueName\":\"search_term_string\"}}],\"inLanguage\":\"pt-BR\"},{\"@type\":\"Organization\",\"@id\":\"https:\/\/temporizadorparachuveiro.com.br\/site\/#organization\",\"name\":\"Temporizador para Chuveiro\",\"alternateName\":\"Aqualux temporizador para chuveiro\",\"url\":\"https:\/\/temporizadorparachuveiro.com.br\/site\/\",\"logo\":{\"@type\":\"ImageObject\",\"inLanguage\":\"pt-BR\",\"@id\":\"https:\/\/temporizadorparachuveiro.com.br\/site\/#\/schema\/logo\/image\/\",\"url\":\"https:\/\/temporizadorparachuveiro.com.br\/site\/wp-content\/uploads\/2025\/10\/cropped-logo-mini.png\",\"contentUrl\":\"https:\/\/temporizadorparachuveiro.com.br\/site\/wp-content\/uploads\/2025\/10\/cropped-logo-mini.png\",\"width\":137,\"height\":33,\"caption\":\"Temporizador para Chuveiro\"},\"image\":{\"@id\":\"https:\/\/temporizadorparachuveiro.com.br\/site\/#\/schema\/logo\/image\/\"},\"description\":\"Aqualux temporizador para chuveiro permite reduzir o valor da conta de luz e reduzir o valor da conta de \u00e1gua.\",\"email\":\"paulosdc@gmail.com\",\"telephone\":\"11962269058\",\"legalName\":\"Psdimas\",\"foundingDate\":\"2001-02-10\",\"numberOfEmployees\":{\"@type\":\"QuantitativeValue\",\"minValue\":\"1\",\"maxValue\":\"10\"},\"ownershipFundingInfo\":\"https:\/\/temporizadorparachuveiro.com.br\/site\/informacoes-gerais\/\"}]}<\/script>\n<!-- \/ Yoast SEO Premium plugin. -->","yoast_head_json":{"title":"carrinhonew - Temporizador para Chuveiro","robots":{"index":"index","follow":"follow","max-snippet":"max-snippet:-1","max-image-preview":"max-image-preview:large","max-video-preview":"max-video-preview:-1"},"canonical":"https:\/\/temporizadorparachuveiro.com.br\/site\/carrinhonew\/","og_locale":"pt_BR","og_type":"article","og_title":"carrinhonew","og_description":"Carrinho Remover item Imagem de miniatura Produto Pre\u00e7o Quantidade Subtotal &times; Temporizador Corte de Energia &#8211; 110 Volts &#8211; 5600 Watts &#82;&#36;&nbsp;265,00 Temporizador Corte de Energia &#8211; 110 Volts &#8211; 5600 Watts quantidade &#82;&#36;&nbsp;265,00 Atualizar o carrinho Aplicar cupom Total no carrinho Subtotal &#82;&#36;&nbsp;265,00 Entrega Frete gr\u00e1tis Entrega para S\u00e3o Paulo. Mudar endere\u00e7o Pa\u00eds \/ [&hellip;]","og_url":"https:\/\/temporizadorparachuveiro.com.br\/site\/carrinhonew\/","og_site_name":"Temporizador para Chuveiro","article_modified_time":"2025-10-09T13:46:31+00:00","og_image":[{"url":"https:\/\/temporizadorparachuveiro.com.br\/site\/wp-content\/uploads\/2024\/12\/110Volts-300x300.jpg","type":"","width":"","height":""}],"twitter_card":"summary_large_image","twitter_misc":{"Est. tempo de leitura":"1 minuto"},"schema":{"@context":"https:\/\/schema.org","@graph":[{"@type":"WebPage","@id":"https:\/\/temporizadorparachuveiro.com.br\/site\/carrinhonew\/","url":"https:\/\/temporizadorparachuveiro.com.br\/site\/carrinhonew\/","name":"carrinhonew - Temporizador para Chuveiro","isPartOf":{"@id":"https:\/\/temporizadorparachuveiro.com.br\/site\/#website"},"primaryImageOfPage":{"@id":"https:\/\/temporizadorparachuveiro.com.br\/site\/carrinhonew\/#primaryimage"},"image":{"@id":"https:\/\/temporizadorparachuveiro.com.br\/site\/carrinhonew\/#primaryimage"},"thumbnailUrl":"https:\/\/temporizadorparachuveiro.com.br\/site\/wp-content\/uploads\/2024\/12\/110Volts-300x300.jpg","datePublished":"2025-10-08T19:05:10+00:00","dateModified":"2025-10-09T13:46:31+00:00","breadcrumb":{"@id":"https:\/\/temporizadorparachuveiro.com.br\/site\/carrinhonew\/#breadcrumb"},"inLanguage":"pt-BR","potentialAction":[{"@type":"ReadAction","target":["https:\/\/temporizadorparachuveiro.com.br\/site\/carrinhonew\/"]}]},{"@type":"ImageObject","inLanguage":"pt-BR","@id":"https:\/\/temporizadorparachuveiro.com.br\/site\/carrinhonew\/#primaryimage","url":"","contentUrl":""},{"@type":"BreadcrumbList","@id":"https:\/\/temporizadorparachuveiro.com.br\/site\/carrinhonew\/#breadcrumb","itemListElement":[{"@type":"ListItem","position":1,"name":"Home","item":"https:\/\/temporizadorparachuveiro.com.br\/site\/"},{"@type":"ListItem","position":2,"name":"carrinhonew"}]},{"@type":"WebSite","@id":"https:\/\/temporizadorparachuveiro.com.br\/site\/#website","url":"https:\/\/temporizadorparachuveiro.com.br\/site\/","name":"Temporizador para Chuveiro","description":"Temporizador para chuveiro corte de energia. Temporizador para chuveiro corte de \u00e1gua.","publisher":{"@id":"https:\/\/temporizadorparachuveiro.com.br\/site\/#organization"},"alternateName":"Timer para chuveiro","potentialAction":[{"@type":"SearchAction","target":{"@type":"EntryPoint","urlTemplate":"https:\/\/temporizadorparachuveiro.com.br\/site\/?s={search_term_string}"},"query-input":{"@type":"PropertyValueSpecification","valueRequired":true,"valueName":"search_term_string"}}],"inLanguage":"pt-BR"},{"@type":"Organization","@id":"https:\/\/temporizadorparachuveiro.com.br\/site\/#organization","name":"Temporizador para Chuveiro","alternateName":"Aqualux temporizador para chuveiro","url":"https:\/\/temporizadorparachuveiro.com.br\/site\/","logo":{"@type":"ImageObject","inLanguage":"pt-BR","@id":"https:\/\/temporizadorparachuveiro.com.br\/site\/#\/schema\/logo\/image\/","url":"https:\/\/temporizadorparachuveiro.com.br\/site\/wp-content\/uploads\/2025\/10\/cropped-logo-mini.png","contentUrl":"https:\/\/temporizadorparachuveiro.com.br\/site\/wp-content\/uploads\/2025\/10\/cropped-logo-mini.png","width":137,"height":33,"caption":"Temporizador para Chuveiro"},"image":{"@id":"https:\/\/temporizadorparachuveiro.com.br\/site\/#\/schema\/logo\/image\/"},"description":"Aqualux temporizador para chuveiro permite reduzir o valor da conta de luz e reduzir o valor da conta de \u00e1gua.","email":"paulosdc@gmail.com","telephone":"11962269058","legalName":"Psdimas","foundingDate":"2001-02-10","numberOfEmployees":{"@type":"QuantitativeValue","minValue":"1","maxValue":"10"},"ownershipFundingInfo":"https:\/\/temporizadorparachuveiro.com.br\/site\/informacoes-gerais\/"}]}},"_links":{"self":[{"href":"https:\/\/temporizadorparachuveiro.com.br\/site\/wp-json\/wp\/v2\/pages\/1665","targetHints":{"allow":["GET"]}}],"collection":[{"href":"https:\/\/temporizadorparachuveiro.com.br\/site\/wp-json\/wp\/v2\/pages"}],"about":[{"href":"https:\/\/temporizadorparachuveiro.com.br\/site\/wp-json\/wp\/v2\/types\/page"}],"author":[{"embeddable":true,"href":"https:\/\/temporizadorparachuveiro.com.br\/site\/wp-json\/wp\/v2\/users\/3"}],"replies":[{"embeddable":true,"href":"https:\/\/temporizadorparachuveiro.com.br\/site\/wp-json\/wp\/v2\/comments?post=1665"}],"version-history":[{"count":16,"href":"https:\/\/temporizadorparachuveiro.com.br\/site\/wp-json\/wp\/v2\/pages\/1665\/revisions"}],"predecessor-version":[{"id":1743,"href":"https:\/\/temporizadorparachuveiro.com.br\/site\/wp-json\/wp\/v2\/pages\/1665\/revisions\/1743"}],"wp:attachment":[{"href":"https:\/\/temporizadorparachuveiro.com.br\/site\/wp-json\/wp\/v2\/media?parent=1665"}],"curies":[{"name":"wp","href":"https:\/\/api.w.org\/{rel}","templated":true}]}}