{"id":7,"date":"2024-12-15T22:58:37","date_gmt":"2024-12-16T01:58:37","guid":{"rendered":"https:\/\/temporizadorparachuveiro.com.br\/site\/?page_id=7"},"modified":"2024-12-15T22:58:37","modified_gmt":"2024-12-16T01:58:37","slug":"publish","status":"publish","type":"page","link":"https:\/\/temporizadorparachuveiro.com.br\/site\/classifieds\/publish\/","title":{"rendered":"Publish"},"content":{"rendered":"<style type=\"text\/css\">\n    .wpadverts-publish form.wpadverts-form {\n        --wpa-color-gray-50: 249,250,251;\r\n--wpa-color-gray-100: 243,244,246;\r\n--wpa-color-gray-200: 229,231,235;\r\n--wpa-color-gray-300: 209,213,219;\r\n--wpa-color-gray-400: 156,163,175;\r\n--wpa-color-gray-500: 107,114,128;\r\n--wpa-color-gray-600: 75,85,99;\r\n--wpa-color-gray-700: 55,65,81;\r\n--wpa-color-gray-800: 31,41,55;\r\n--wpa-color-gray-900: 17,24,39;\r\n    }\n         .wpa-btn-primary {\n        color: #ffffff;\n        background-color: #e25a58;\n        border-color: #e25a58;\n        --wpa-btn-shadow-color: #e25a58;\n    }\n     .wpa-btn-primary > span > i.fas {\n        color: #ffffff;\n    }\n     .wpa-btn-primary:hover {\n        color: #ffffff;\n        background-color: #c44c4c;\n        border-color: #c44c4c;\n        --wpa-btn-shadow-color: #c44c4c;\n    }\n     .wpa-btn-primary:hover > span > i.fas {\n        color: #ffffff;\n    }\n             .wpa-btn-secondary {\n        color: #6b7280;\n        background-color: #e5e7eb;\n        border-color: #e5e7eb;\n        --wpa-btn-shadow-color: #e5e7eb;\n    }\n     .wpa-btn-secondary > span > i.fas {\n        color: #6b7280;\n    }\n     .wpa-btn-secondary:hover {\n        color: #374151;\n        background-color: #e5e7eb;\n        border-color: #e5e7eb;\n        --wpa-btn-shadow-color: #e5e7eb;\n    }\n     .wpa-btn-secondary:hover > span > i.fas {\n        color: #374151;\n    }\n    <\/style>\n\n<div class=\"wpadverts-blocks wpadverts-publish\">\n    \n                            \n    \n    <style type=\"text\/css\">\n        .wpadverts-block.wpadverts-partial.wpadverts-form .wpadverts-form {\n        --wpa-color-gray-50: 249,250,251;\r\n--wpa-color-gray-100: 243,244,246;\r\n--wpa-color-gray-200: 229,231,235;\r\n--wpa-color-gray-300: 209,213,219;\r\n--wpa-color-gray-400: 156,163,175;\r\n--wpa-color-gray-500: 107,114,128;\r\n--wpa-color-gray-600: 75,85,99;\r\n--wpa-color-gray-700: 55,65,81;\r\n--wpa-color-gray-800: 31,41,55;\r\n--wpa-color-gray-900: 17,24,39;\r\n    }\n    \n        <\/style>\n\n<div class=\"wpadverts-block wpadverts-partial wpadverts-form\">\n    <form  action=\"\" method=\"post\" class=\"wpadverts-form wpa-solid wpa-shadow-none wpa-border-thin wpa-rounded-md wpa-spacing-0 wpa-form-interline wpa-padding-sm wpa-layout-aligned  atw-block atw-py-0\">\n\n                <input type=\"hidden\" name=\"_post_id\" id=\"_post_id\"  \/>                <input type=\"hidden\" name=\"_adverts_action\" id=\"_adverts_action\" value=\"preview\"  \/>                <input type=\"hidden\" name=\"_wpadverts_checksum\" id=\"_wpadverts_checksum\" value=\"9c33ddf19d1da2516d1ea9660eff15c9\"  \/>                <input type=\"hidden\" name=\"_wpadverts_checksum_nonce\" id=\"_wpadverts_checksum_nonce\" value=\"2be4b7d784\"  \/>                <input type=\"hidden\" name=\"_post_id_nonce\" id=\"_post_id_nonce\"  \/>                <input type=\"hidden\" name=\"_timetrap_field\" id=\"_timetrap_field\" value=\"Um5FbnNrOTZnMkxSNjg4SnNhZi9nUT09\"  \/>                \n        <!--div class=\"atw-flex atw-flex-col md:atw-flex-col\"-->\n            \n            <div class=\"wpa-form-wrap\">\n                <div class=\"wpa-form-wrap-inner\">\n                                                                                                        <div data-name=\"_contact_information\" class=\"wpa-form-header wpa-field--_contact_information atw-w-full wpa-w-full\">\n                            <span class=\"wpa-form-header-label \">Informa\u00e7\u00f5es de contato<\/span>\n                                                    <\/div>\n                                                                                                                            <div data-name=\"_adverts_account\" data-field=\"other\" class=\"wpa-field-wrap wpa-field--_adverts_account atw-w-full wpa-w-full \">\n                                                        <span class=\"wpa-field-label\">\n                                <span class=\"wpa-field-label-text\">Conta<\/span>\n                                                            <\/span>\n                                                                                                                <div class=\"wpa-field-input wpadverts-input--other\">\n                                                                                                <div class=\"adverts-form-input-group adverts-form-input-group-checkbox adverts-field-rows-1\" ><div class=\" atw-text-base atw-w-full atw-max-w-full\" ><label for=\"_adverts_account_1\" ><input type=\"checkbox\" name=\"_adverts_account[]\" id=\"_adverts_account_1\" value=\"1\"  \/> Criar uma conta para mim para que eu possa gerenciar todos os meus an\u00fancios (a senha ser\u00e1 enviada para voc\u00ea) ou <a href=\"https:\/\/temporizadorparachuveiro.com.br\/site\/wp-login.php?redirect_to=https%3A%2F%2Ftemporizadorparachuveiro.com.br%2Fsite%2Fclassifieds%2Fpublish%2F\"> Entrar <\/a><\/label><\/div><\/div>\n                                \n                                                            <\/div>\n                        <\/div>\n                                                                                                                            <div data-name=\"adverts_person\" data-field=\"text\" class=\"wpa-field-wrap wpa-field--adverts_person atw-w-full wpa-w-full \">\n                                                        <span class=\"wpa-field-label\">\n                                <span class=\"wpa-field-label-text\">Contato<\/span>\n                                                                <span class=\"wpa-field-asterisk\">*<\/span>\n                                                            <\/span>\n                                                                                                                <div class=\"wpa-field-input wpadverts-input--text\">\n                                                                                                <input type=\"text\" name=\"adverts_person\" id=\"adverts_person\" class=\" atw-text-base atw-w-full atw-max-w-full\"  \/>\n                                \n                                                            <\/div>\n                        <\/div>\n                                                                                                                            <div data-name=\"adverts_email\" data-field=\"text\" class=\"wpa-field-wrap wpa-field--adverts_email atw-w-full wpa-w-full \">\n                                                        <span class=\"wpa-field-label\">\n                                <span class=\"wpa-field-label-text\">Email<\/span>\n                                                                <span class=\"wpa-field-asterisk\">*<\/span>\n                                                            <\/span>\n                                                                                                                <div class=\"wpa-field-input wpadverts-input--text\">\n                                                                                                <input type=\"text\" name=\"adverts_email\" id=\"adverts_email\" class=\" atw-text-base atw-w-full atw-max-w-full\"  \/>\n                                \n                                                            <\/div>\n                        <\/div>\n                                                                                                                            <div data-name=\"adverts_phone\" data-field=\"text\" class=\"wpa-field-wrap wpa-field--adverts_phone atw-w-full wpa-w-full \">\n                                                        <span class=\"wpa-field-label\">\n                                <span class=\"wpa-field-label-text\">N\u00famero do Telefone<\/span>\n                                                            <\/span>\n                                                                                                                <div class=\"wpa-field-input wpadverts-input--text\">\n                                                                                                <input type=\"text\" name=\"adverts_phone\" id=\"adverts_phone\" class=\" atw-text-base atw-w-full atw-max-w-full\"  \/>\n                                \n                                                            <\/div>\n                        <\/div>\n                                                                                                                            <div data-name=\"_item_information\" class=\"wpa-form-header wpa-field--_item_information atw-w-full wpa-w-full\">\n                            <span class=\"wpa-form-header-label \">Informa\u00e7\u00f5es sobre o item<\/span>\n                                                    <\/div>\n                                                                                                                            <div data-name=\"post_title\" data-field=\"text\" class=\"wpa-field-wrap wpa-field--post_title atw-w-full wpa-w-full \">\n                                                        <span class=\"wpa-field-label\">\n                                <span class=\"wpa-field-label-text\">T\u00edtulo<\/span>\n                                                                <span class=\"wpa-field-asterisk\">*<\/span>\n                                                            <\/span>\n                                                                                                                <div class=\"wpa-field-input wpadverts-input--text\">\n                                                                                                <input type=\"text\" name=\"post_title\" id=\"post_title\" class=\" atw-text-base atw-w-full atw-max-w-full\"  \/>\n                                \n                                                            <\/div>\n                        <\/div>\n                                                                                                                            <div data-name=\"advert_category\" data-field=\"select\" class=\"wpa-field-wrap wpa-field--advert_category atw-w-full wpa-w-full \">\n                                                        <span class=\"wpa-field-label\">\n                                <span class=\"wpa-field-label-text\">Categoria<\/span>\n                                                            <\/span>\n                                                                                                                <div class=\"wpa-field-input wpadverts-input--select\">\n                                                                                                <select id=\"advert_category\" name=\"advert_category[]\" class=\" atw-text-base atw-w-full atw-max-w-full adverts-multiselect adverts-max-choices[10]\" multiple=\"multiple\" ><option value=\"2\" >Default<\/option><\/select>\n                                \n                                                            <\/div>\n                        <\/div>\n                                                                                                                            <div data-name=\"gallery\" data-field=\"gallery\" class=\"wpa-field-wrap wpa-field--gallery atw-w-full wpa-w-full \">\n                                                        <span class=\"wpa-field-label\">\n                                <span class=\"wpa-field-label-text\">Galeria<\/span>\n                                                            <\/span>\n                                                                                                                <div class=\"wpa-field-input wpadverts-input--gallery\">\n                                                                                                \n\n        <div id=\"adverts-plupload-upload-ui-gallery\" class=\"adverts-plupload-upload-ui adverts-browser-frontend\">\n        <div id=\"adverts-drag-drop-area-gallery\"class=\"adverts-drag-drop-area\">\n        \n        <\/div>\n        <div class=\"wpadverts-gallery atw-flex atw-flex-col atw-bg-white atw-border-2 atw-border-dashed atw-border-gray-300 atw-rounded-lg atw-py-3 atw-items-center\">\n            \n            <div class=\" atw-text-gray-400 atw-text-4xl atw-pt-4 atw-pb-2\">\n                <i class=\"fa-solid fa-upload \"><\/i>\n            <\/div>\n            <div class=\"atw-pt-2 atw-pb-4 atw-text-gray-700 atw-text-base\">\n                <a href=\"#\" id=\"adverts-plupload-browse-button-gallery\" class=\"\">Upload a file<\/a>\n                or drag and drop.            <\/div>\n\n        <\/div>\n        <div class=\"adverts-gallery-uploads\">\n\n        <\/div>\n\n    <\/div>\n        \n            \n    \n                                \n                                                            <\/div>\n                        <\/div>\n                                                                                                                            <div data-name=\"post_content\" data-field=\"textarea\" class=\"wpa-field-wrap wpa-field--post_content atw-w-full wpa-w-full \">\n                                                        <span class=\"wpa-field-label\">\n                                <span class=\"wpa-field-label-text\">Descri\u00e7\u00e3o<\/span>\n                                                                <span class=\"wpa-field-asterisk\">*<\/span>\n                                                            <\/span>\n                                                                                                                <div class=\"wpa-field-input wpadverts-input--textarea\">\n                                                                                                <div id=\"wp-post_content-wrap\" class=\"wp-core-ui wp-editor-wrap tmce-active\"><link rel='stylesheet' id='dashicons-css' href='https:\/\/temporizadorparachuveiro.com.br\/site\/wp-includes\/css\/dashicons.min.css?ver=6.9.4' media='all' \/>\n<link rel='stylesheet' id='editor-buttons-css' href='https:\/\/temporizadorparachuveiro.com.br\/site\/wp-includes\/css\/editor.min.css?ver=6.9.4' media='all' \/>\n<div id=\"wp-post_content-editor-container\" class=\"wp-editor-container\"><textarea class=\"wp-editor-area\" rows=\"8\" autocomplete=\"off\" cols=\"40\" name=\"post_content\" id=\"post_content\"><\/textarea><\/div>\n<\/div>\n\n\n                                \n                                                            <\/div>\n                        <\/div>\n                                                                                                                            <div data-name=\"adverts_price\" data-field=\"text\" class=\"wpa-field-wrap wpa-field--adverts_price atw-w-full wpa-w-full \">\n                                                        <span class=\"wpa-field-label\">\n                                <span class=\"wpa-field-label-text\">Pre\u00e7o<\/span>\n                                                            <\/span>\n                                                                                                                <div class=\"wpa-field-input wpadverts-input--text\">\n                                                                                                <input type=\"text\" name=\"adverts_price\" id=\"adverts_price\" class=\"adverts-filter-money atw-text-base atw-w-full atw-max-w-full\"  \/>\n                                                                <div class=\"wpa-field-desc\">\n                                    <span class=\"wpa-field-desc-text \"><\/span>\n                                <\/div>\n                                \n                                                            <\/div>\n                        <\/div>\n                                                                                                                            <div data-name=\"adverts_location\" data-field=\"text\" class=\"wpa-field-wrap wpa-field--adverts_location atw-w-full wpa-w-full \">\n                                                        <span class=\"wpa-field-label\">\n                                <span class=\"wpa-field-label-text\">Localiza\u00e7\u00e3o<\/span>\n                                                            <\/span>\n                                                                                                                <div class=\"wpa-field-input wpadverts-input--text\">\n                                                                                                <input type=\"text\" name=\"adverts_location\" id=\"adverts_location\" class=\" atw-text-base atw-w-full atw-max-w-full\"  \/>\n                                \n                                                            <\/div>\n                        <\/div>\n                                                        <\/div>\n\n            <\/div>\n            \n            \n                        <div class=\"wpa-form-buttons \">\n        \n                                <div class=\"wpa-form-buttons-list\">\n                        <button name=\"adverts_contact_form\" value=\"1\" type=\"submit\"  class=\"wpa-btn-primary wpadverts-block-cf-send  atw-flex hover:atw-bg-none atw-bg-none atw-w-full atw-text-base atw-outline-none atw-border-solid atw-font-semibold atw-px-6 atw-py-2 atw-rounded atw-border atw-leading-loose\">\n        <div class=\"atw-flex-grow\">\n                <span class=\"atw-inline md:atw-inline atw-px-0.5\"><i class=\"fas-mail-alt atw-text-base md:atw-text-base\"><\/i><\/span> \n                <span class=\"atw-inline md:atw-inline atw-px-0.5\">Preview Listing<i class=\"fa fa-arrow-right atw-pl-3\"><\/i><\/span>\n        <\/div>\n        <span style=\"display:none\" class=\"atw-flex-0 atw-pl-6 atw-border-l atw-border-gray-800\/20 atw-border-solid\"><i class=\"fas fa-angle-down atw-text-2xl -atw-leading-tight atw-align-middle\"><\/i><\/span>\n    <\/button>\n                    <\/div>\n                \n            <\/div>\n                        \n            \n        <!--\/div-->\n        \n        \n    <\/form>\n<\/div><\/div>","protected":false},"excerpt":{"rendered":"","protected":false},"author":1,"featured_media":0,"parent":6,"menu_order":0,"comment_status":"closed","ping_status":"closed","template":"","meta":{"footnotes":""},"class_list":["post-7","page","type-page","status-publish","hentry"],"yoast_head":"<!-- This site is optimized with the Yoast SEO Premium plugin v26.0 (Yoast SEO v26.0) - https:\/\/yoast.com\/wordpress\/plugins\/seo\/ -->\n<title>Publish - Temporizador para Chuveiro<\/title>\n<meta name=\"robots\" content=\"index, follow, max-snippet:-1, max-image-preview:large, max-video-preview:-1\" \/>\n<link rel=\"canonical\" href=\"https:\/\/temporizadorparachuveiro.com.br\/site\/classifieds\/publish\/\" \/>\n<meta property=\"og:locale\" content=\"pt_BR\" \/>\n<meta property=\"og:type\" content=\"article\" \/>\n<meta property=\"og:title\" content=\"Publish\" \/>\n<meta property=\"og:url\" content=\"https:\/\/temporizadorparachuveiro.com.br\/site\/classifieds\/publish\/\" \/>\n<meta property=\"og:site_name\" content=\"Temporizador para Chuveiro\" \/>\n<meta name=\"twitter:card\" content=\"summary_large_image\" \/>\n<script type=\"application\/ld+json\" class=\"yoast-schema-graph\">{\"@context\":\"https:\/\/schema.org\",\"@graph\":[{\"@type\":\"WebPage\",\"@id\":\"https:\/\/temporizadorparachuveiro.com.br\/site\/classifieds\/publish\/\",\"url\":\"https:\/\/temporizadorparachuveiro.com.br\/site\/classifieds\/publish\/\",\"name\":\"Publish - Temporizador para Chuveiro\",\"isPartOf\":{\"@id\":\"https:\/\/temporizadorparachuveiro.com.br\/site\/#website\"},\"datePublished\":\"2024-12-16T01:58:37+00:00\",\"breadcrumb\":{\"@id\":\"https:\/\/temporizadorparachuveiro.com.br\/site\/classifieds\/publish\/#breadcrumb\"},\"inLanguage\":\"pt-BR\",\"potentialAction\":[{\"@type\":\"ReadAction\",\"target\":[\"https:\/\/temporizadorparachuveiro.com.br\/site\/classifieds\/publish\/\"]}]},{\"@type\":\"BreadcrumbList\",\"@id\":\"https:\/\/temporizadorparachuveiro.com.br\/site\/classifieds\/publish\/#breadcrumb\",\"itemListElement\":[{\"@type\":\"ListItem\",\"position\":1,\"name\":\"Home\",\"item\":\"https:\/\/temporizadorparachuveiro.com.br\/site\/\"},{\"@type\":\"ListItem\",\"position\":2,\"name\":\"Classifieds\",\"item\":\"https:\/\/temporizadorparachuveiro.com.br\/site\/classifieds\/\"},{\"@type\":\"ListItem\",\"position\":3,\"name\":\"Publish\"}]},{\"@type\":\"WebSite\",\"@id\":\"https:\/\/temporizadorparachuveiro.com.br\/site\/#website\",\"url\":\"https:\/\/temporizadorparachuveiro.com.br\/site\/\",\"name\":\"Temporizador para Chuveiro\",\"description\":\"Temporizador para chuveiro corte de energia. Temporizador para chuveiro corte de \u00e1gua.\",\"publisher\":{\"@id\":\"https:\/\/temporizadorparachuveiro.com.br\/site\/#organization\"},\"alternateName\":\"Timer para chuveiro\",\"potentialAction\":[{\"@type\":\"SearchAction\",\"target\":{\"@type\":\"EntryPoint\",\"urlTemplate\":\"https:\/\/temporizadorparachuveiro.com.br\/site\/?s={search_term_string}\"},\"query-input\":{\"@type\":\"PropertyValueSpecification\",\"valueRequired\":true,\"valueName\":\"search_term_string\"}}],\"inLanguage\":\"pt-BR\"},{\"@type\":\"Organization\",\"@id\":\"https:\/\/temporizadorparachuveiro.com.br\/site\/#organization\",\"name\":\"Temporizador para Chuveiro\",\"alternateName\":\"Aqualux temporizador para chuveiro\",\"url\":\"https:\/\/temporizadorparachuveiro.com.br\/site\/\",\"logo\":{\"@type\":\"ImageObject\",\"inLanguage\":\"pt-BR\",\"@id\":\"https:\/\/temporizadorparachuveiro.com.br\/site\/#\/schema\/logo\/image\/\",\"url\":\"https:\/\/temporizadorparachuveiro.com.br\/site\/wp-content\/uploads\/2025\/10\/cropped-logo-mini.png\",\"contentUrl\":\"https:\/\/temporizadorparachuveiro.com.br\/site\/wp-content\/uploads\/2025\/10\/cropped-logo-mini.png\",\"width\":137,\"height\":33,\"caption\":\"Temporizador para Chuveiro\"},\"image\":{\"@id\":\"https:\/\/temporizadorparachuveiro.com.br\/site\/#\/schema\/logo\/image\/\"},\"description\":\"Aqualux temporizador para chuveiro permite reduzir o valor da conta de luz e reduzir o valor da conta de \u00e1gua.\",\"email\":\"paulosdc@gmail.com\",\"telephone\":\"11962269058\",\"legalName\":\"Psdimas\",\"foundingDate\":\"2001-02-10\",\"numberOfEmployees\":{\"@type\":\"QuantitativeValue\",\"minValue\":\"1\",\"maxValue\":\"10\"},\"ownershipFundingInfo\":\"https:\/\/temporizadorparachuveiro.com.br\/site\/informacoes-gerais\/\"}]}<\/script>\n<!-- \/ Yoast SEO Premium plugin. -->","yoast_head_json":{"title":"Publish - Temporizador para Chuveiro","robots":{"index":"index","follow":"follow","max-snippet":"max-snippet:-1","max-image-preview":"max-image-preview:large","max-video-preview":"max-video-preview:-1"},"canonical":"https:\/\/temporizadorparachuveiro.com.br\/site\/classifieds\/publish\/","og_locale":"pt_BR","og_type":"article","og_title":"Publish","og_url":"https:\/\/temporizadorparachuveiro.com.br\/site\/classifieds\/publish\/","og_site_name":"Temporizador para Chuveiro","twitter_card":"summary_large_image","schema":{"@context":"https:\/\/schema.org","@graph":[{"@type":"WebPage","@id":"https:\/\/temporizadorparachuveiro.com.br\/site\/classifieds\/publish\/","url":"https:\/\/temporizadorparachuveiro.com.br\/site\/classifieds\/publish\/","name":"Publish - Temporizador para Chuveiro","isPartOf":{"@id":"https:\/\/temporizadorparachuveiro.com.br\/site\/#website"},"datePublished":"2024-12-16T01:58:37+00:00","breadcrumb":{"@id":"https:\/\/temporizadorparachuveiro.com.br\/site\/classifieds\/publish\/#breadcrumb"},"inLanguage":"pt-BR","potentialAction":[{"@type":"ReadAction","target":["https:\/\/temporizadorparachuveiro.com.br\/site\/classifieds\/publish\/"]}]},{"@type":"BreadcrumbList","@id":"https:\/\/temporizadorparachuveiro.com.br\/site\/classifieds\/publish\/#breadcrumb","itemListElement":[{"@type":"ListItem","position":1,"name":"Home","item":"https:\/\/temporizadorparachuveiro.com.br\/site\/"},{"@type":"ListItem","position":2,"name":"Classifieds","item":"https:\/\/temporizadorparachuveiro.com.br\/site\/classifieds\/"},{"@type":"ListItem","position":3,"name":"Publish"}]},{"@type":"WebSite","@id":"https:\/\/temporizadorparachuveiro.com.br\/site\/#website","url":"https:\/\/temporizadorparachuveiro.com.br\/site\/","name":"Temporizador para Chuveiro","description":"Temporizador para chuveiro corte de energia. Temporizador para chuveiro corte de \u00e1gua.","publisher":{"@id":"https:\/\/temporizadorparachuveiro.com.br\/site\/#organization"},"alternateName":"Timer para chuveiro","potentialAction":[{"@type":"SearchAction","target":{"@type":"EntryPoint","urlTemplate":"https:\/\/temporizadorparachuveiro.com.br\/site\/?s={search_term_string}"},"query-input":{"@type":"PropertyValueSpecification","valueRequired":true,"valueName":"search_term_string"}}],"inLanguage":"pt-BR"},{"@type":"Organization","@id":"https:\/\/temporizadorparachuveiro.com.br\/site\/#organization","name":"Temporizador para Chuveiro","alternateName":"Aqualux temporizador para chuveiro","url":"https:\/\/temporizadorparachuveiro.com.br\/site\/","logo":{"@type":"ImageObject","inLanguage":"pt-BR","@id":"https:\/\/temporizadorparachuveiro.com.br\/site\/#\/schema\/logo\/image\/","url":"https:\/\/temporizadorparachuveiro.com.br\/site\/wp-content\/uploads\/2025\/10\/cropped-logo-mini.png","contentUrl":"https:\/\/temporizadorparachuveiro.com.br\/site\/wp-content\/uploads\/2025\/10\/cropped-logo-mini.png","width":137,"height":33,"caption":"Temporizador para Chuveiro"},"image":{"@id":"https:\/\/temporizadorparachuveiro.com.br\/site\/#\/schema\/logo\/image\/"},"description":"Aqualux temporizador para chuveiro permite reduzir o valor da conta de luz e reduzir o valor da conta de \u00e1gua.","email":"paulosdc@gmail.com","telephone":"11962269058","legalName":"Psdimas","foundingDate":"2001-02-10","numberOfEmployees":{"@type":"QuantitativeValue","minValue":"1","maxValue":"10"},"ownershipFundingInfo":"https:\/\/temporizadorparachuveiro.com.br\/site\/informacoes-gerais\/"}]}},"_links":{"self":[{"href":"https:\/\/temporizadorparachuveiro.com.br\/site\/wp-json\/wp\/v2\/pages\/7","targetHints":{"allow":["GET"]}}],"collection":[{"href":"https:\/\/temporizadorparachuveiro.com.br\/site\/wp-json\/wp\/v2\/pages"}],"about":[{"href":"https:\/\/temporizadorparachuveiro.com.br\/site\/wp-json\/wp\/v2\/types\/page"}],"author":[{"embeddable":true,"href":"https:\/\/temporizadorparachuveiro.com.br\/site\/wp-json\/wp\/v2\/users\/1"}],"replies":[{"embeddable":true,"href":"https:\/\/temporizadorparachuveiro.com.br\/site\/wp-json\/wp\/v2\/comments?post=7"}],"version-history":[{"count":1,"href":"https:\/\/temporizadorparachuveiro.com.br\/site\/wp-json\/wp\/v2\/pages\/7\/revisions"}],"predecessor-version":[{"id":10,"href":"https:\/\/temporizadorparachuveiro.com.br\/site\/wp-json\/wp\/v2\/pages\/7\/revisions\/10"}],"up":[{"embeddable":true,"href":"https:\/\/temporizadorparachuveiro.com.br\/site\/wp-json\/wp\/v2\/pages\/6"}],"wp:attachment":[{"href":"https:\/\/temporizadorparachuveiro.com.br\/site\/wp-json\/wp\/v2\/media?parent=7"}],"curies":[{"name":"wp","href":"https:\/\/api.w.org\/{rel}","templated":true}]}}